{"id":942,"date":"2022-10-17T20:41:42","date_gmt":"2022-10-17T18:41:42","guid":{"rendered":"https:\/\/upgrace.info\/privacybeleid\/"},"modified":"2025-03-17T19:54:19","modified_gmt":"2025-03-17T18:54:19","slug":"la-politique-de-confidentialite","status":"publish","type":"page","link":"https:\/\/upgrace.info\/fr\/la-politique-de-confidentialite\/","title":{"rendered":"La politique de confidentialit\u00e9"},"content":{"rendered":"<h4>Qui sommes-nous<\/h4>\n<p>Notre adresse de site web est : <a href=\"https:\/\/upgrace.info\/fr\/\">https:\/\/upgrace.info\/<\/a>.<\/p>\n<h4>Quelles donn\u00e9es personnelles nous collectons et pourquoi nous les collectons<\/h4>\n<p><span style=\"text-decoration: underline;\">Formulaires de contact<\/span><br \/>\nEn remplissant le formulaire de contact, vos donn\u00e9es sont envoy\u00e9es en toute s\u00e9curit\u00e9 par e-mail et stock\u00e9es sur les serveurs de upgrace.info.<\/p>\n<p><span style=\"text-decoration: underline;\">Cookies<\/span><br \/>\nNous utilisons des cookies pour analyser le trafic du site Web afin d&rsquo;am\u00e9liorer la fonctionnalit\u00e9 et l&rsquo;efficacit\u00e9. Gr\u00e2ce aux cookies, nous suivons votre comportement de navigation sur notre site.<\/p>\n<p><span style=\"text-decoration: underline;\">Contenu int\u00e9gr\u00e9 provenant d&rsquo;autres sites Web<\/span><br \/>\nLes articles de ce site peuvent contenir du contenu int\u00e9gr\u00e9 (par exemple, des vid\u00e9os, des images, des articles, etc.). Le contenu int\u00e9gr\u00e9 provenant d&rsquo;autres sites Web se comporte exactement de la m\u00eame mani\u00e8re que si le visiteur avait visit\u00e9 cet autre site.<\/p>\n<p>Ces sites Web peuvent collecter des donn\u00e9es sur vous, utiliser des cookies, int\u00e9grer un suivi tiers et surveiller votre interaction avec ce contenu int\u00e9gr\u00e9, y compris votre interaction si vous avez un compte et \u00eates connect\u00e9 \u00e0 ce site.<\/p>\n<p><span style=\"text-decoration: underline;\">Analytics<\/span><br \/>\nNous utilisons Google Analytics pour analyser le nombre de visiteurs et leur comportement. Ces donn\u00e9es sont stock\u00e9es chez Google et enregistr\u00e9es de mani\u00e8re anonyme.<\/p>\n<h4>Avec qui nous partageons vos donn\u00e9es<\/h4>\n<p>Nous g\u00e9rons nous-m\u00eames vos donn\u00e9es et ne les partageons pas avec des tiers.<\/p>\n<h4>Combien de temps nous conservons vos donn\u00e9es<\/h4>\n<p>Lorsque vous soumettez une demande de contact, ces donn\u00e9es et les m\u00e9tadonn\u00e9es associ\u00e9es sont conserv\u00e9es ind\u00e9finiment.<\/p>\n<h4>O\u00f9 nous envoyons vos donn\u00e9es<\/h4>\n<p>Les commentaires des visiteurs peuvent \u00eatre soumis \u00e0 un service automatis\u00e9 de d\u00e9tection des spams.<\/p>\n<h4>Acc\u00e9der, modifier ou supprimer vos donn\u00e9es<\/h4>\n<p>Vous avez le droit d&rsquo;acc\u00e9der \u00e0 vos donn\u00e9es personnelles, de les corriger ou de les supprimer. Vous avez \u00e9galement le droit de retirer votre consentement au traitement des donn\u00e9es ou de vous opposer au traitement de vos donn\u00e9es personnelles par UpGrace. En outre, vous avez le droit \u00e0 la portabilit\u00e9 des donn\u00e9es, ce qui signifie que vous pouvez demander \u00e0 recevoir un fichier contenant vos donn\u00e9es personnelles ou \u00e0 les transf\u00e9rer \u00e0 une autre organisation de votre choix.<\/p>\n<p>Vous pouvez soumettre une demande d&rsquo;acc\u00e8s, de correction, de suppression ou de transfert de vos donn\u00e9es personnelles, ou une demande de retrait de consentement ou d&rsquo;opposition au traitement de vos donn\u00e9es personnelles, en envoyant un e-mail \u00e0 info@upgrace.info.<\/p>\n<p>Pour garantir que la demande est bien effectu\u00e9e par vous, nous vous demandons de joindre une copie de votre pi\u00e8ce d&rsquo;identit\u00e9 avec votre demande. Veuillez noircir votre photo, la zone MRZ (zone lisible par machine), le num\u00e9ro de passeport et votre num\u00e9ro de s\u00e9curit\u00e9 sociale (NSS) pour prot\u00e9ger votre vie priv\u00e9e. Nous r\u00e9pondrons \u00e0 votre demande dans les plus brefs d\u00e9lais, au plus tard dans un d\u00e9lai de quatre semaines.<\/p>\n<p>UpGrace souhaite \u00e9galement vous informer que vous avez la possibilit\u00e9 de d\u00e9poser une plainte aupr\u00e8s de l&rsquo;autorit\u00e9 nationale de protection des donn\u00e9es, l&rsquo;Autorit\u00e9 de protection des donn\u00e9es. Vous pouvez le faire via le lien suivant : <a href=\"https:\/\/autoriteitpersoonsgegevens.nl\/nl\/contact-met-de-autoriteit-persoonsgegevens\/tip-ons\">https:\/\/autoriteitpersoonsgegevens.nl\/nl\/contact-met-de-autoriteit-persoonsgegevens\/tip-ons<\/a>.<\/p>\n<p>Nous ne pouvons pas supprimer les donn\u00e9es que nous sommes l\u00e9galement tenus de conserver \u00e0 des fins administratives, l\u00e9gales ou de s\u00e9curit\u00e9.<\/p>\n<h4>Quels sont vos droits sur vos donn\u00e9es<\/h4>\n<p>Si vous avez un compte sur ce site ou si vous avez laiss\u00e9 des commentaires, vous pouvez demander un fichier export\u00e9 contenant toutes les donn\u00e9es personnelles que nous d\u00e9tenons sur vous, y compris celles que vous nous avez fournies. Vous pouvez \u00e9galement demander la suppression de vos donn\u00e9es personnelles. Cela ne concerne pas les donn\u00e9es que nous devons conserver \u00e0 des fins administratives, l\u00e9gales ou de s\u00e9curit\u00e9.<\/p>\n<h4>Informations de contact<\/h4>\n<p><strong>UpGrace<\/strong><br \/>\nPastoor Jacques Leirens<br \/>\nGrote Markt 1,<br \/>\n3000 Leuven<br \/>\nBelgique<br \/>\ninfo@upgrace.info<\/p>\n<h4>Informations suppl\u00e9mentaires<\/h4>\n<p><span style=\"text-decoration: underline;\">Comment nous s\u00e9curisons vos donn\u00e9es<\/span><br \/>\nLe site Web est s\u00e9curis\u00e9 avec un certificat SSL, garantissant que les donn\u00e9es sont transmises via une connexion s\u00e9curis\u00e9e.<\/p>\n","protected":false},"excerpt":{"rendered":"<p>Qui sommes-nous Notre adresse de site web est : https:\/\/upgrace.info\/. Quelles donn\u00e9es personnelles nous collectons et pourquoi nous les collectons Formulaires de contact En remplissant le formulaire de contact, vos donn\u00e9es sont envoy\u00e9es en toute s\u00e9curit\u00e9 par e-mail et stock\u00e9es sur les serveurs de upgrace.info. Cookies Nous utilisons des cookies pour analyser le trafic du [&hellip;]<\/p>\n","protected":false},"author":1,"featured_media":0,"parent":0,"menu_order":48,"comment_status":"closed","ping_status":"closed","template":"","meta":{"_acf_changed":false,"inline_featured_image":false,"_monsterinsights_skip_tracking":false,"_monsterinsights_sitenote_active":false,"_monsterinsights_sitenote_note":"","_monsterinsights_sitenote_category":0,"footnotes":""},"class_list":["post-942","page","type-page","status-publish","hentry"],"acf":[],"yoast_head":"<!-- This site is optimized with the Yoast SEO plugin v27.0 - https:\/\/yoast.com\/product\/yoast-seo-wordpress\/ -->\n<title>La politique de confidentialit\u00e9 - UpGrace<\/title>\n<meta name=\"robots\" content=\"index, follow, max-snippet:-1, max-image-preview:large, max-video-preview:-1\" \/>\n<link rel=\"canonical\" href=\"https:\/\/upgrace.info\/fr\/la-politique-de-confidentialite\/\" \/>\n<meta property=\"og:locale\" content=\"fr_FR\" \/>\n<meta property=\"og:type\" content=\"article\" \/>\n<meta property=\"og:title\" content=\"La politique de confidentialit\u00e9 - UpGrace\" \/>\n<meta property=\"og:description\" content=\"Qui sommes-nous Notre adresse de site web est : https:\/\/upgrace.info\/. Quelles donn\u00e9es personnelles nous collectons et pourquoi nous les collectons Formulaires de contact En remplissant le formulaire de contact, vos donn\u00e9es sont envoy\u00e9es en toute s\u00e9curit\u00e9 par e-mail et stock\u00e9es sur les serveurs de upgrace.info. Cookies Nous utilisons des cookies pour analyser le trafic du [&hellip;]\" \/>\n<meta property=\"og:url\" content=\"https:\/\/upgrace.info\/fr\/la-politique-de-confidentialite\/\" \/>\n<meta property=\"og:site_name\" content=\"UpGrace\" \/>\n<meta property=\"article:modified_time\" content=\"2025-03-17T18:54:19+00:00\" \/>\n<meta name=\"twitter:card\" content=\"summary_large_image\" \/>\n<meta name=\"twitter:label1\" content=\"Dur\u00e9e de lecture estim\u00e9e\" \/>\n\t<meta name=\"twitter:data1\" content=\"4 minutes\" \/>\n<script type=\"application\/ld+json\" class=\"yoast-schema-graph\">{\"@context\":\"https:\/\/schema.org\",\"@graph\":[{\"@type\":\"WebPage\",\"@id\":\"https:\/\/upgrace.info\/fr\/la-politique-de-confidentialite\/\",\"url\":\"https:\/\/upgrace.info\/fr\/la-politique-de-confidentialite\/\",\"name\":\"La politique de confidentialit\u00e9 - UpGrace\",\"isPartOf\":{\"@id\":\"https:\/\/upgrace.info\/#website\"},\"datePublished\":\"2022-10-17T18:41:42+00:00\",\"dateModified\":\"2025-03-17T18:54:19+00:00\",\"breadcrumb\":{\"@id\":\"https:\/\/upgrace.info\/fr\/la-politique-de-confidentialite\/#breadcrumb\"},\"inLanguage\":\"fr-FR\",\"potentialAction\":[{\"@type\":\"ReadAction\",\"target\":[\"https:\/\/upgrace.info\/fr\/la-politique-de-confidentialite\/\"]}]},{\"@type\":\"BreadcrumbList\",\"@id\":\"https:\/\/upgrace.info\/fr\/la-politique-de-confidentialite\/#breadcrumb\",\"itemListElement\":[{\"@type\":\"ListItem\",\"position\":1,\"name\":\"Home\",\"item\":\"https:\/\/upgrace.info\/fr\/\"},{\"@type\":\"ListItem\",\"position\":2,\"name\":\"La politique de confidentialit\u00e9\"}]},{\"@type\":\"WebSite\",\"@id\":\"https:\/\/upgrace.info\/#website\",\"url\":\"https:\/\/upgrace.info\/\",\"name\":\"UpGrace\",\"description\":\"alles over het sacrament van de verzoening\",\"potentialAction\":[{\"@type\":\"SearchAction\",\"target\":{\"@type\":\"EntryPoint\",\"urlTemplate\":\"https:\/\/upgrace.info\/?s={search_term_string}\"},\"query-input\":{\"@type\":\"PropertyValueSpecification\",\"valueRequired\":true,\"valueName\":\"search_term_string\"}}],\"inLanguage\":\"fr-FR\"}]}<\/script>\n<!-- \/ Yoast SEO plugin. -->","yoast_head_json":{"title":"La politique de confidentialit\u00e9 - UpGrace","robots":{"index":"index","follow":"follow","max-snippet":"max-snippet:-1","max-image-preview":"max-image-preview:large","max-video-preview":"max-video-preview:-1"},"canonical":"https:\/\/upgrace.info\/fr\/la-politique-de-confidentialite\/","og_locale":"fr_FR","og_type":"article","og_title":"La politique de confidentialit\u00e9 - UpGrace","og_description":"Qui sommes-nous Notre adresse de site web est : https:\/\/upgrace.info\/. Quelles donn\u00e9es personnelles nous collectons et pourquoi nous les collectons Formulaires de contact En remplissant le formulaire de contact, vos donn\u00e9es sont envoy\u00e9es en toute s\u00e9curit\u00e9 par e-mail et stock\u00e9es sur les serveurs de upgrace.info. Cookies Nous utilisons des cookies pour analyser le trafic du [&hellip;]","og_url":"https:\/\/upgrace.info\/fr\/la-politique-de-confidentialite\/","og_site_name":"UpGrace","article_modified_time":"2025-03-17T18:54:19+00:00","twitter_card":"summary_large_image","twitter_misc":{"Dur\u00e9e de lecture estim\u00e9e":"4 minutes"},"schema":{"@context":"https:\/\/schema.org","@graph":[{"@type":"WebPage","@id":"https:\/\/upgrace.info\/fr\/la-politique-de-confidentialite\/","url":"https:\/\/upgrace.info\/fr\/la-politique-de-confidentialite\/","name":"La politique de confidentialit\u00e9 - UpGrace","isPartOf":{"@id":"https:\/\/upgrace.info\/#website"},"datePublished":"2022-10-17T18:41:42+00:00","dateModified":"2025-03-17T18:54:19+00:00","breadcrumb":{"@id":"https:\/\/upgrace.info\/fr\/la-politique-de-confidentialite\/#breadcrumb"},"inLanguage":"fr-FR","potentialAction":[{"@type":"ReadAction","target":["https:\/\/upgrace.info\/fr\/la-politique-de-confidentialite\/"]}]},{"@type":"BreadcrumbList","@id":"https:\/\/upgrace.info\/fr\/la-politique-de-confidentialite\/#breadcrumb","itemListElement":[{"@type":"ListItem","position":1,"name":"Home","item":"https:\/\/upgrace.info\/fr\/"},{"@type":"ListItem","position":2,"name":"La politique de confidentialit\u00e9"}]},{"@type":"WebSite","@id":"https:\/\/upgrace.info\/#website","url":"https:\/\/upgrace.info\/","name":"UpGrace","description":"alles over het sacrament van de verzoening","potentialAction":[{"@type":"SearchAction","target":{"@type":"EntryPoint","urlTemplate":"https:\/\/upgrace.info\/?s={search_term_string}"},"query-input":{"@type":"PropertyValueSpecification","valueRequired":true,"valueName":"search_term_string"}}],"inLanguage":"fr-FR"}]}},"_links":{"self":[{"href":"https:\/\/upgrace.info\/fr\/wp-json\/wp\/v2\/pages\/942","targetHints":{"allow":["GET"]}}],"collection":[{"href":"https:\/\/upgrace.info\/fr\/wp-json\/wp\/v2\/pages"}],"about":[{"href":"https:\/\/upgrace.info\/fr\/wp-json\/wp\/v2\/types\/page"}],"author":[{"embeddable":true,"href":"https:\/\/upgrace.info\/fr\/wp-json\/wp\/v2\/users\/1"}],"replies":[{"embeddable":true,"href":"https:\/\/upgrace.info\/fr\/wp-json\/wp\/v2\/comments?post=942"}],"version-history":[{"count":2,"href":"https:\/\/upgrace.info\/fr\/wp-json\/wp\/v2\/pages\/942\/revisions"}],"predecessor-version":[{"id":955,"href":"https:\/\/upgrace.info\/fr\/wp-json\/wp\/v2\/pages\/942\/revisions\/955"}],"wp:attachment":[{"href":"https:\/\/upgrace.info\/fr\/wp-json\/wp\/v2\/media?parent=942"}],"curies":[{"name":"wp","href":"https:\/\/api.w.org\/{rel}","templated":true}]}}