{"id":1242,"date":"2024-04-24T16:59:50","date_gmt":"2024-04-24T14:59:50","guid":{"rendered":"https:\/\/upgrace.info\/where-to-confess-2\/"},"modified":"2025-08-05T11:00:33","modified_gmt":"2025-08-05T09:00:33","slug":"ou-puis-je-me-confesser","status":"publish","type":"page","link":"https:\/\/upgrace.info\/fr\/ou-puis-je-me-confesser\/","title":{"rendered":"O\u00f9 puis-je me confesser ?"},"content":{"rendered":"<p>Sur cette page, vous trouverez diff\u00e9rentes \u00e9glises o\u00f9 il est possible de se confesser. Toute modification des horaires de confession ou des confesseurs sera \u00e9galement indiqu\u00e9e sur la page respective de l\u2019\u00e9glise.<\/p>\n","protected":false},"excerpt":{"rendered":"<p>Sur cette page, vous trouverez diff\u00e9rentes \u00e9glises o\u00f9 il est possible de se confesser. Toute modification des horaires de confession ou des confesseurs sera \u00e9galement indiqu\u00e9e sur la page respective de l\u2019\u00e9glise.<\/p>\n","protected":false},"author":1,"featured_media":792,"parent":0,"menu_order":37,"comment_status":"closed","ping_status":"closed","template":"","meta":{"_acf_changed":false,"inline_featured_image":false,"_monsterinsights_skip_tracking":false,"_monsterinsights_sitenote_active":false,"_monsterinsights_sitenote_note":"","_monsterinsights_sitenote_category":0,"footnotes":""},"class_list":["post-1242","page","type-page","status-publish","has-post-thumbnail","hentry"],"acf":[],"yoast_head":"<!-- This site is optimized with the Yoast SEO plugin v27.0 - https:\/\/yoast.com\/product\/yoast-seo-wordpress\/ -->\n<title>O\u00f9 puis-je me confesser ? - UpGrace<\/title>\n<meta name=\"description\" content=\"Al mijn vragen zijn beantwoord. Ik heb mij goed voorbereid op de biecht. Maar waar en hoelaat kan ik biechten? Hier vind je de locaties!\" \/>\n<meta name=\"robots\" content=\"index, follow, max-snippet:-1, max-image-preview:large, max-video-preview:-1\" \/>\n<link rel=\"canonical\" href=\"https:\/\/upgrace.info\/fr\/ou-puis-je-me-confesser\/\" \/>\n<meta property=\"og:locale\" content=\"fr_FR\" \/>\n<meta property=\"og:type\" content=\"article\" \/>\n<meta property=\"og:title\" content=\"O\u00f9 puis-je me confesser ? - UpGrace\" \/>\n<meta property=\"og:description\" content=\"Al mijn vragen zijn beantwoord. Ik heb mij goed voorbereid op de biecht. Maar waar en hoelaat kan ik biechten? Hier vind je de locaties!\" \/>\n<meta property=\"og:url\" content=\"https:\/\/upgrace.info\/fr\/ou-puis-je-me-confesser\/\" \/>\n<meta property=\"og:site_name\" content=\"UpGrace\" \/>\n<meta property=\"article:modified_time\" content=\"2025-08-05T09:00:33+00:00\" \/>\n<meta property=\"og:image\" content=\"https:\/\/upgrace.info\/wp-content\/uploads\/2024\/07\/42127_Pieterskerk.jpg\" \/>\n\t<meta property=\"og:image:width\" content=\"1280\" \/>\n\t<meta property=\"og:image:height\" content=\"1027\" \/>\n\t<meta property=\"og:image:type\" content=\"image\/jpeg\" \/>\n<meta name=\"twitter:card\" content=\"summary_large_image\" \/>\n<meta name=\"twitter:label1\" content=\"Dur\u00e9e de lecture estim\u00e9e\" \/>\n\t<meta name=\"twitter:data1\" content=\"1 minute\" \/>\n<script type=\"application\/ld+json\" class=\"yoast-schema-graph\">{\"@context\":\"https:\/\/schema.org\",\"@graph\":[{\"@type\":\"WebPage\",\"@id\":\"https:\/\/upgrace.info\/fr\/ou-puis-je-me-confesser\/\",\"url\":\"https:\/\/upgrace.info\/fr\/ou-puis-je-me-confesser\/\",\"name\":\"O\u00f9 puis-je me confesser ? - UpGrace\",\"isPartOf\":{\"@id\":\"https:\/\/upgrace.info\/#website\"},\"primaryImageOfPage\":{\"@id\":\"https:\/\/upgrace.info\/fr\/ou-puis-je-me-confesser\/#primaryimage\"},\"image\":{\"@id\":\"https:\/\/upgrace.info\/fr\/ou-puis-je-me-confesser\/#primaryimage\"},\"thumbnailUrl\":\"https:\/\/upgrace.info\/wp-content\/uploads\/2024\/07\/42127_Pieterskerk.jpg\",\"datePublished\":\"2024-04-24T14:59:50+00:00\",\"dateModified\":\"2025-08-05T09:00:33+00:00\",\"description\":\"Al mijn vragen zijn beantwoord. Ik heb mij goed voorbereid op de biecht. Maar waar en hoelaat kan ik biechten? Hier vind je de locaties!\",\"breadcrumb\":{\"@id\":\"https:\/\/upgrace.info\/fr\/ou-puis-je-me-confesser\/#breadcrumb\"},\"inLanguage\":\"fr-FR\",\"potentialAction\":[{\"@type\":\"ReadAction\",\"target\":[\"https:\/\/upgrace.info\/fr\/ou-puis-je-me-confesser\/\"]}]},{\"@type\":\"ImageObject\",\"inLanguage\":\"fr-FR\",\"@id\":\"https:\/\/upgrace.info\/fr\/ou-puis-je-me-confesser\/#primaryimage\",\"url\":\"https:\/\/upgrace.info\/wp-content\/uploads\/2024\/07\/42127_Pieterskerk.jpg\",\"contentUrl\":\"https:\/\/upgrace.info\/wp-content\/uploads\/2024\/07\/42127_Pieterskerk.jpg\",\"width\":1280,\"height\":1027},{\"@type\":\"BreadcrumbList\",\"@id\":\"https:\/\/upgrace.info\/fr\/ou-puis-je-me-confesser\/#breadcrumb\",\"itemListElement\":[{\"@type\":\"ListItem\",\"position\":1,\"name\":\"Home\",\"item\":\"https:\/\/upgrace.info\/fr\/\"},{\"@type\":\"ListItem\",\"position\":2,\"name\":\"O\u00f9 puis-je me confesser ?\"}]},{\"@type\":\"WebSite\",\"@id\":\"https:\/\/upgrace.info\/#website\",\"url\":\"https:\/\/upgrace.info\/\",\"name\":\"UpGrace\",\"description\":\"alles over het sacrament van de verzoening\",\"potentialAction\":[{\"@type\":\"SearchAction\",\"target\":{\"@type\":\"EntryPoint\",\"urlTemplate\":\"https:\/\/upgrace.info\/?s={search_term_string}\"},\"query-input\":{\"@type\":\"PropertyValueSpecification\",\"valueRequired\":true,\"valueName\":\"search_term_string\"}}],\"inLanguage\":\"fr-FR\"}]}<\/script>\n<!-- \/ Yoast SEO plugin. -->","yoast_head_json":{"title":"O\u00f9 puis-je me confesser ? - UpGrace","description":"Al mijn vragen zijn beantwoord. Ik heb mij goed voorbereid op de biecht. Maar waar en hoelaat kan ik biechten? Hier vind je de locaties!","robots":{"index":"index","follow":"follow","max-snippet":"max-snippet:-1","max-image-preview":"max-image-preview:large","max-video-preview":"max-video-preview:-1"},"canonical":"https:\/\/upgrace.info\/fr\/ou-puis-je-me-confesser\/","og_locale":"fr_FR","og_type":"article","og_title":"O\u00f9 puis-je me confesser ? - UpGrace","og_description":"Al mijn vragen zijn beantwoord. Ik heb mij goed voorbereid op de biecht. Maar waar en hoelaat kan ik biechten? Hier vind je de locaties!","og_url":"https:\/\/upgrace.info\/fr\/ou-puis-je-me-confesser\/","og_site_name":"UpGrace","article_modified_time":"2025-08-05T09:00:33+00:00","og_image":[{"width":1280,"height":1027,"url":"https:\/\/upgrace.info\/wp-content\/uploads\/2024\/07\/42127_Pieterskerk.jpg","type":"image\/jpeg"}],"twitter_card":"summary_large_image","twitter_misc":{"Dur\u00e9e de lecture estim\u00e9e":"1 minute"},"schema":{"@context":"https:\/\/schema.org","@graph":[{"@type":"WebPage","@id":"https:\/\/upgrace.info\/fr\/ou-puis-je-me-confesser\/","url":"https:\/\/upgrace.info\/fr\/ou-puis-je-me-confesser\/","name":"O\u00f9 puis-je me confesser ? - UpGrace","isPartOf":{"@id":"https:\/\/upgrace.info\/#website"},"primaryImageOfPage":{"@id":"https:\/\/upgrace.info\/fr\/ou-puis-je-me-confesser\/#primaryimage"},"image":{"@id":"https:\/\/upgrace.info\/fr\/ou-puis-je-me-confesser\/#primaryimage"},"thumbnailUrl":"https:\/\/upgrace.info\/wp-content\/uploads\/2024\/07\/42127_Pieterskerk.jpg","datePublished":"2024-04-24T14:59:50+00:00","dateModified":"2025-08-05T09:00:33+00:00","description":"Al mijn vragen zijn beantwoord. Ik heb mij goed voorbereid op de biecht. Maar waar en hoelaat kan ik biechten? Hier vind je de locaties!","breadcrumb":{"@id":"https:\/\/upgrace.info\/fr\/ou-puis-je-me-confesser\/#breadcrumb"},"inLanguage":"fr-FR","potentialAction":[{"@type":"ReadAction","target":["https:\/\/upgrace.info\/fr\/ou-puis-je-me-confesser\/"]}]},{"@type":"ImageObject","inLanguage":"fr-FR","@id":"https:\/\/upgrace.info\/fr\/ou-puis-je-me-confesser\/#primaryimage","url":"https:\/\/upgrace.info\/wp-content\/uploads\/2024\/07\/42127_Pieterskerk.jpg","contentUrl":"https:\/\/upgrace.info\/wp-content\/uploads\/2024\/07\/42127_Pieterskerk.jpg","width":1280,"height":1027},{"@type":"BreadcrumbList","@id":"https:\/\/upgrace.info\/fr\/ou-puis-je-me-confesser\/#breadcrumb","itemListElement":[{"@type":"ListItem","position":1,"name":"Home","item":"https:\/\/upgrace.info\/fr\/"},{"@type":"ListItem","position":2,"name":"O\u00f9 puis-je me confesser ?"}]},{"@type":"WebSite","@id":"https:\/\/upgrace.info\/#website","url":"https:\/\/upgrace.info\/","name":"UpGrace","description":"alles over het sacrament van de verzoening","potentialAction":[{"@type":"SearchAction","target":{"@type":"EntryPoint","urlTemplate":"https:\/\/upgrace.info\/?s={search_term_string}"},"query-input":{"@type":"PropertyValueSpecification","valueRequired":true,"valueName":"search_term_string"}}],"inLanguage":"fr-FR"}]}},"_links":{"self":[{"href":"https:\/\/upgrace.info\/fr\/wp-json\/wp\/v2\/pages\/1242","targetHints":{"allow":["GET"]}}],"collection":[{"href":"https:\/\/upgrace.info\/fr\/wp-json\/wp\/v2\/pages"}],"about":[{"href":"https:\/\/upgrace.info\/fr\/wp-json\/wp\/v2\/types\/page"}],"author":[{"embeddable":true,"href":"https:\/\/upgrace.info\/fr\/wp-json\/wp\/v2\/users\/1"}],"replies":[{"embeddable":true,"href":"https:\/\/upgrace.info\/fr\/wp-json\/wp\/v2\/comments?post=1242"}],"version-history":[{"count":2,"href":"https:\/\/upgrace.info\/fr\/wp-json\/wp\/v2\/pages\/1242\/revisions"}],"predecessor-version":[{"id":1244,"href":"https:\/\/upgrace.info\/fr\/wp-json\/wp\/v2\/pages\/1242\/revisions\/1244"}],"wp:featuredmedia":[{"embeddable":true,"href":"https:\/\/upgrace.info\/fr\/wp-json\/wp\/v2\/media\/792"}],"wp:attachment":[{"href":"https:\/\/upgrace.info\/fr\/wp-json\/wp\/v2\/media?parent=1242"}],"curies":[{"name":"wp","href":"https:\/\/api.w.org\/{rel}","templated":true}]}}